{"id":5160,"date":"2024-10-05T02:47:12","date_gmt":"2024-10-05T02:47:12","guid":{"rendered":"https:\/\/demo.casethemes.net\/maiko\/?page_id=5160"},"modified":"2025-12-30T13:10:38","modified_gmt":"2025-12-30T09:10:38","slug":"services","status":"publish","type":"page","link":"https:\/\/interiomeproject.az\/en\/services\/","title":{"rendered":"Project Services"},"content":{"rendered":"\t\t<div data-elementor-type=\"wp-page\" data-elementor-id=\"5160\" class=\"elementor elementor-5160\" data-elementor-post-type=\"page\">\n\t\t\t\t        <section class=\"elementor-section elementor-top-section elementor-element elementor-element-db31e97 elementor-section-stretched elementor-section-content-middle elementor-section-boxed elementor-section-height-default elementor-section-height-default pxl-row-scroll-none pxl-zoom-point-false pxl-section-overflow-visible pxl-section-fix-none pxl_parallax_bg_img_noise-none pxl-bg-color-none pxl-section-overlay-none\" data-id=\"db31e97\" data-element_type=\"section\" data-e-type=\"section\" id=\"service\" data-settings=\"{&quot;stretch_section&quot;:&quot;section-stretched&quot;}\">\n\n                \n                <div class=\"elementor-container elementor-column-gap-default \">\n                <div class=\"elementor-column elementor-col-100 elementor-top-column elementor-element elementor-element-8b3a6c2 pxl-column-none pxl-column-overflow-hidden-no pxl-column-zoom-no\" data-id=\"8b3a6c2\" data-element_type=\"column\" data-e-type=\"column\">\r\n        <div class=\"elementor-widget-wrap elementor-element-populated\">\r\n                     \r\n        \t\t<div class=\"elementor-element elementor-element-c041b0b elementor-widget elementor-widget-heading\" data-id=\"c041b0b\" data-element_type=\"widget\" data-e-type=\"widget\" data-widget_type=\"heading.default\">\n\t\t\t\t\t<h1 class=\"elementor-heading-title elementor-size-default\">Design and Architecture Services in Baku<\/h1>\t\t\t\t<\/div>\n\t\t\t\t<div class=\"elementor-element elementor-element-f5bc253 elementor-widget elementor-widget-heading\" data-id=\"f5bc253\" data-element_type=\"widget\" data-e-type=\"widget\" data-widget_type=\"heading.default\">\n\t\t\t\t\t<h2 class=\"elementor-heading-title elementor-size-default\">Interior Design \u00b7 Architectural Design \u00b7 Exterior Design \u00b7 Tender &amp; Procurement<\/h2>\t\t\t\t<\/div>\n\t\t\t\t<div class=\"elementor-element elementor-element-d51d63d post-layout-service-list-1 elementor-widget elementor-widget-pxl_post_list\" data-id=\"d51d63d\" data-element_type=\"widget\" data-e-type=\"widget\" data-widget_type=\"pxl_post_list.default\">\n\t\t\t\t<div class=\"elementor-widget-container\">\n\t\t\t\t\t<div class=\"pxl-no-service-list\">No Post Found<\/div>\t\t\t\t<\/div>\n\t\t\t\t<\/div>\n\t\t            <\/div>\r\n        <\/div>\r\n        \t\t\t<\/div>\n\t\t<\/section>\n\t\t\t\t<\/div>\n\t\t","protected":false},"excerpt":{"rendered":"<p>Design and Architecture Services in Baku Interior Design \u00b7 Architectural Design \u00b7 Exterior Design \u00b7 Tender &amp; Procurement 01. \u0130nteryer dizayn Bizim \u00fc\u00e7\u00fcn interyer dizayn sad\u0259c\u0259 m\u0259kan\u0131 d\u00fcz\u0259nl\u0259m\u0259k deyil. H\u0259r layih\u0259ni istifad\u0259\u00e7il\u0259r \u00fc\u00e7\u00fcn f\u0259rqli t\u0259cr\u00fcb\u0259 yaratmaq m\u0259qs\u0259dil\u0259 yenid\u0259n d\u00fc\u015f\u00fcn\u00fcr\u00fck. M\u0259qs\u0259dimiz ya\u015fay\u0131\u015f m\u0259kanlar\u0131n\u0131 funksional, estetik v\u0259 ilhamverici etm\u0259kdir \u00a0 02. Memarl\u0131q dizayn\u0131 Bizim \u00fc\u00e7\u00fcn memarl\u0131q dizayn\u0131 [&hellip;]<\/p>\n","protected":false},"author":1,"featured_media":0,"parent":0,"menu_order":0,"comment_status":"closed","ping_status":"closed","template":"","meta":{"footnotes":""},"class_list":["post-5160","page","type-page","status-publish","hentry"],"_links":{"self":[{"href":"https:\/\/interiomeproject.az\/en\/wp-json\/wp\/v2\/pages\/5160","targetHints":{"allow":["GET"]}}],"collection":[{"href":"https:\/\/interiomeproject.az\/en\/wp-json\/wp\/v2\/pages"}],"about":[{"href":"https:\/\/interiomeproject.az\/en\/wp-json\/wp\/v2\/types\/page"}],"author":[{"embeddable":true,"href":"https:\/\/interiomeproject.az\/en\/wp-json\/wp\/v2\/users\/1"}],"replies":[{"embeddable":true,"href":"https:\/\/interiomeproject.az\/en\/wp-json\/wp\/v2\/comments?post=5160"}],"version-history":[{"count":48,"href":"https:\/\/interiomeproject.az\/en\/wp-json\/wp\/v2\/pages\/5160\/revisions"}],"predecessor-version":[{"id":25983,"href":"https:\/\/interiomeproject.az\/en\/wp-json\/wp\/v2\/pages\/5160\/revisions\/25983"}],"wp:attachment":[{"href":"https:\/\/interiomeproject.az\/en\/wp-json\/wp\/v2\/media?parent=5160"}],"curies":[{"name":"wp","href":"https:\/\/api.w.org\/{rel}","templated":true}]}}